{"id":465,"date":"2024-12-28T09:03:05","date_gmt":"2024-12-28T09:03:05","guid":{"rendered":"https:\/\/www.laquintabotiga.cat\/?post_type=product&#038;p=465"},"modified":"2024-12-28T09:03:21","modified_gmt":"2024-12-28T09:03:21","slug":"paella-de-arroz-de-pals-mar-y-montana-copia-copia-copia-copia-copia-copia-copia-copia-copia-copia-copia","status":"publish","type":"product","link":"http:\/\/www.laquintabotiga.cat\/es\/producte\/paella-de-arroz-de-pals-mar-y-montana-copia-copia-copia-copia-copia-copia-copia-copia-copia-copia-copia\/","title":{"rendered":"Paella de arroz de Pals Mar y monta\u00f1a (C\u00f2pia) (C\u00f2pia) (C\u00f2pia) (C\u00f2pia) (C\u00f2pia) (C\u00f2pia) (C\u00f2pia) (C\u00f2pia) (C\u00f2pia) (C\u00f2pia) (C\u00f2pia)"},"content":{"rendered":"","protected":false},"excerpt":{"rendered":"<p>Paella de arroz con verduras, sepia, costell\u00f3n, salchichas, gambas y moluscos. <em>Si no aportas la sart\u00e9n, pedimos una paga y se\u00f1al de 10\u20ac a devolver con la sart\u00e9n.<\/em><\/p>\n","protected":false},"featured_media":0,"template":"","meta":[],"product_brand":[],"product_cat":[66],"product_tag":[],"class_list":{"0":"post-465","1":"product","2":"type-product","3":"status-publish","5":"product_cat-para-llevar","7":"first","8":"instock","9":"taxable","10":"shipping-taxable","11":"purchasable","12":"product-type-simple"},"_links":{"self":[{"href":"http:\/\/www.laquintabotiga.cat\/es\/wp-json\/wp\/v2\/product\/465","targetHints":{"allow":["GET"]}}],"collection":[{"href":"http:\/\/www.laquintabotiga.cat\/es\/wp-json\/wp\/v2\/product"}],"about":[{"href":"http:\/\/www.laquintabotiga.cat\/es\/wp-json\/wp\/v2\/types\/product"}],"wp:attachment":[{"href":"http:\/\/www.laquintabotiga.cat\/es\/wp-json\/wp\/v2\/media?parent=465"}],"wp:term":[{"taxonomy":"product_brand","embeddable":true,"href":"http:\/\/www.laquintabotiga.cat\/es\/wp-json\/wp\/v2\/product_brand?post=465"},{"taxonomy":"product_cat","embeddable":true,"href":"http:\/\/www.laquintabotiga.cat\/es\/wp-json\/wp\/v2\/product_cat?post=465"},{"taxonomy":"product_tag","embeddable":true,"href":"http:\/\/www.laquintabotiga.cat\/es\/wp-json\/wp\/v2\/product_tag?post=465"}],"curies":[{"name":"wp","href":"https:\/\/api.w.org\/{rel}","templated":true}]}}