{"id":678,"date":"2025-10-26T16:07:45","date_gmt":"2025-10-26T16:07:45","guid":{"rendered":"https:\/\/www.laquintabotiga.cat\/?post_type=product&#038;p=678"},"modified":"2025-10-26T16:15:28","modified_gmt":"2025-10-26T16:15:28","slug":"paella-de-arroz-de-pals-mar-y-montana-copia-copia-copia-copia-copia-copia-copia-copia-3","status":"publish","type":"product","link":"http:\/\/www.laquintabotiga.cat\/es\/producte\/paella-de-arroz-de-pals-mar-y-montana-copia-copia-copia-copia-copia-copia-copia-copia-3\/","title":{"rendered":"Paella de arroz de Pals Mar y monta\u00f1a (C\u00f2pia) (C\u00f2pia) (C\u00f2pia) (C\u00f2pia) (C\u00f2pia) (C\u00f2pia) (C\u00f2pia) (C\u00f2pia)"},"content":{"rendered":"","protected":false},"excerpt":{"rendered":"<p>Paella de arroz con verduras, sepia, costell\u00f3n, salchichas, gambas y moluscos. <em>Si no aportas la sart\u00e9n, pedimos una paga y se\u00f1al de 10\u20ac a devolver con la sart\u00e9n.<\/em><\/p>\n","protected":false},"featured_media":629,"template":"","meta":[],"product_brand":[],"product_cat":[66],"product_tag":[],"class_list":{"0":"post-678","1":"product","2":"type-product","3":"status-publish","4":"has-post-thumbnail","6":"product_cat-para-llevar","8":"first","9":"instock","10":"taxable","11":"shipping-taxable","12":"purchasable","13":"product-type-simple"},"_links":{"self":[{"href":"http:\/\/www.laquintabotiga.cat\/es\/wp-json\/wp\/v2\/product\/678","targetHints":{"allow":["GET"]}}],"collection":[{"href":"http:\/\/www.laquintabotiga.cat\/es\/wp-json\/wp\/v2\/product"}],"about":[{"href":"http:\/\/www.laquintabotiga.cat\/es\/wp-json\/wp\/v2\/types\/product"}],"wp:featuredmedia":[{"embeddable":true,"href":"http:\/\/www.laquintabotiga.cat\/es\/wp-json\/wp\/v2\/media\/629"}],"wp:attachment":[{"href":"http:\/\/www.laquintabotiga.cat\/es\/wp-json\/wp\/v2\/media?parent=678"}],"wp:term":[{"taxonomy":"product_brand","embeddable":true,"href":"http:\/\/www.laquintabotiga.cat\/es\/wp-json\/wp\/v2\/product_brand?post=678"},{"taxonomy":"product_cat","embeddable":true,"href":"http:\/\/www.laquintabotiga.cat\/es\/wp-json\/wp\/v2\/product_cat?post=678"},{"taxonomy":"product_tag","embeddable":true,"href":"http:\/\/www.laquintabotiga.cat\/es\/wp-json\/wp\/v2\/product_tag?post=678"}],"curies":[{"name":"wp","href":"https:\/\/api.w.org\/{rel}","templated":true}]}}